{"id":2,"date":"2021-09-27T09:57:35","date_gmt":"2021-09-27T07:57:35","guid":{"rendered":"http:\/\/itae.plyer.fr\/?page_id=2"},"modified":"2021-09-28T21:29:59","modified_gmt":"2021-09-28T19:29:59","slug":"page-d-exemple","status":"publish","type":"page","link":"https:\/\/itae.plyer.fr\/index.php\/page-d-exemple\/","title":{"rendered":"Le TMV"},"content":{"rendered":"\n<p><\/p>\n\n\n\n<div class=\"wp-block-media-text alignwide is-stacked-on-mobile\"><figure class=\"wp-block-media-text__media\"><img loading=\"lazy\" width=\"1024\" height=\"768\" src=\"http:\/\/itae.plyer.fr\/wp-content\/uploads\/2021\/09\/IMG_0684-1024x768.jpg\" alt=\"\" class=\"wp-image-35 size-full\" srcset=\"https:\/\/itae.plyer.fr\/wp-content\/uploads\/2021\/09\/IMG_0684-1024x768.jpg 1024w, https:\/\/itae.plyer.fr\/wp-content\/uploads\/2021\/09\/IMG_0684-300x225.jpg 300w, https:\/\/itae.plyer.fr\/wp-content\/uploads\/2021\/09\/IMG_0684-768x576.jpg 768w, https:\/\/itae.plyer.fr\/wp-content\/uploads\/2021\/09\/IMG_0684-1536x1152.jpg 1536w, https:\/\/itae.plyer.fr\/wp-content\/uploads\/2021\/09\/IMG_0684-2048x1536.jpg 2048w, https:\/\/itae.plyer.fr\/wp-content\/uploads\/2021\/09\/IMG_0684-124x93.jpg 124w\" sizes=\"(max-width: 1024px) 100vw, 1024px\" \/><\/figure><div class=\"wp-block-media-text__content\">\n<p class=\"has-normal-font-size\">Le Micro-Vasculoscope TMV permet d\u2019acqu\u00e9rir de mani\u00e8re simple et instantan\u00e9e des images \u00e0 travers la peau jusque plusieurs millim\u00e8tres en profondeur avec une r\u00e9solution spatiale sub-millim\u00e9trique. Gr\u00e2ce \u00e0 sa modalit\u00e9 d&#8217;acquisition innovante r\u00e9v\u00e9lant l&#8217;activit\u00e9 sous-cutan\u00e9e, la micro-vascularisation appara\u00eet clairement.<\/p>\n<\/div><\/div>\n\n\n\n<div class=\"wp-block-media-text alignwide is-stacked-on-mobile\"><figure class=\"wp-block-media-text__media\"><img loading=\"lazy\" width=\"560\" height=\"315\" src=\"http:\/\/itae.plyer.fr\/wp-content\/uploads\/2021\/09\/000002-new_soft_ready-1-.jpg\" alt=\"\" class=\"wp-image-32 size-full\" srcset=\"https:\/\/itae.plyer.fr\/wp-content\/uploads\/2021\/09\/000002-new_soft_ready-1-.jpg 560w, https:\/\/itae.plyer.fr\/wp-content\/uploads\/2021\/09\/000002-new_soft_ready-1--300x169.jpg 300w\" sizes=\"(max-width: 560px) 100vw, 560px\" \/><\/figure><div class=\"wp-block-media-text__content\">\n<p class=\"has-normal-font-size\">Le Micro-Vasculoscope TMV est simple d&#8217;utilisation et ne n\u00e9cessite aucune pr\u00e9paration du patient.&nbsp;<\/p>\n\n\n\n<p class=\"has-normal-font-size\">Branchez le TMV \u00e0 sa station d&#8217;accueil portable et vous pourrez directement observer en temps r\u00e9el la micro-activit\u00e9 vasculaire d&#8217;une zone de 25 mm de diam\u00e8tre. D&#8217;une simple pression du doigt, vous pourrez enregistrer deux clich\u00e9s&nbsp; : l&#8217;image de microvascularisation et l&#8217;image couleur, parfaitement superposables.<\/p>\n\n\n\n<p class=\"has-normal-font-size\">Ce nouvel instrument est le fruit de nombreuses ann\u00e9es de Recherche au sein de l\u2019ONERA, en collaboration d\u2019une part avec l\u2019Institut de Pharmacologie et de Biologie Structurale de Toulouse (Pr. Muriel Golzio) et d\u2019autre part avec l\u2019Oncopole de Toulouse (Pr. Gilles Favre, Pr. Nicolas Meyer, Dr. Serge Boulinguez, Dr. Marion Godeau et Dr Louise Lap\u00f4tre). Des essais cliniques ont actuellement lieu afin de consolider l&#8217;apport du MV1 dans le suivi th\u00e9rapeutique et le diagnostique du cancer.<\/p>\n<\/div><\/div>\n\n\n\n<p>Le Micro-Vasculoscope TMV dispose maintenant de la certification CE. Non invasif et sans aucun danger, Il utilise une technologie in\u00e9dite brevet\u00e9e* dont ITAE Medical Research poss\u00e8de la licence exclusive de commercialisation.<\/p>\n","protected":false},"excerpt":{"rendered":"<p>Le Micro-Vasculoscope TMV permet d\u2019acqu\u00e9rir de mani\u00e8re simple et instantan\u00e9e des images \u00e0 travers la peau jusque plusieurs millim\u00e8tres en<\/p>\n<p><span class=\"more-link\"><a href=\"https:\/\/itae.plyer.fr\/index.php\/page-d-exemple\/\" class=\"readmore\">Continue reading<span class=\"screen-reader-text\">Le TMV<\/span><\/a><\/span><\/p>\n","protected":false},"author":1,"featured_media":0,"parent":0,"menu_order":0,"comment_status":"closed","ping_status":"open","template":"templates\/full-width-page.php","meta":[],"_links":{"self":[{"href":"https:\/\/itae.plyer.fr\/index.php\/wp-json\/wp\/v2\/pages\/2"}],"collection":[{"href":"https:\/\/itae.plyer.fr\/index.php\/wp-json\/wp\/v2\/pages"}],"about":[{"href":"https:\/\/itae.plyer.fr\/index.php\/wp-json\/wp\/v2\/types\/page"}],"author":[{"embeddable":true,"href":"https:\/\/itae.plyer.fr\/index.php\/wp-json\/wp\/v2\/users\/1"}],"replies":[{"embeddable":true,"href":"https:\/\/itae.plyer.fr\/index.php\/wp-json\/wp\/v2\/comments?post=2"}],"version-history":[{"count":1,"href":"https:\/\/itae.plyer.fr\/index.php\/wp-json\/wp\/v2\/pages\/2\/revisions"}],"predecessor-version":[{"id":36,"href":"https:\/\/itae.plyer.fr\/index.php\/wp-json\/wp\/v2\/pages\/2\/revisions\/36"}],"wp:attachment":[{"href":"https:\/\/itae.plyer.fr\/index.php\/wp-json\/wp\/v2\/media?parent=2"}],"curies":[{"name":"wp","href":"https:\/\/api.w.org\/{rel}","templated":true}]}}